{"id":4988,"date":"2024-02-20T19:44:31","date_gmt":"2024-02-20T19:44:31","guid":{"rendered":"https:\/\/tlcleavenworth.org\/trinitylutheranchurch\/?page_id=4988"},"modified":"2024-03-21T15:57:53","modified_gmt":"2024-03-21T15:57:53","slug":"trinity-house-is-about-loving-our-community-in-the-name-of-jesus","status":"publish","type":"page","link":"https:\/\/tlcleavenworth.org\/trinitylutheranchurch\/trinity-house-is-about-loving-our-community-in-the-name-of-jesus\/","title":{"rendered":"Trinity House is about loving our community in the name of Jesus!"},"content":{"rendered":"\t\t<div data-elementor-type=\"wp-page\" data-elementor-id=\"4988\" class=\"elementor elementor-4988\">\n\t\t\t\t\t\t<section class=\"elementor-section elementor-top-section elementor-element elementor-element-398ca3ff elementor-section-boxed elementor-section-height-default elementor-section-height-default\" data-id=\"398ca3ff\" data-element_type=\"section\" data-e-type=\"section\">\n\t\t\t\t\t\t<div class=\"elementor-container elementor-column-gap-default\">\n\t\t\t\t\t<div class=\"elementor-column elementor-col-100 elementor-top-column elementor-element elementor-element-5265f947\" data-id=\"5265f947\" data-element_type=\"column\" data-e-type=\"column\">\n\t\t\t<div class=\"elementor-widget-wrap elementor-element-populated\">\n\t\t\t\t\t\t<div class=\"elementor-element elementor-element-7a14e31e elementor-widget elementor-widget-text-editor\" data-id=\"7a14e31e\" data-element_type=\"widget\" data-e-type=\"widget\" data-widget_type=\"text-editor.default\">\n\t\t\t\t<div class=\"elementor-widget-container\">\n\t\t\t\t\t\t\t\t\t<p>At Trinity, we organize our lives around God\u2019s Word and Sacraments which proclaim and deliver the wonderful news of the gospel of Jesus Christ to us.\u00a0 We believe in the great solas of the protestant reformation.\u00a0 We believe that we are saved\u2026<\/p><p style=\"text-align: center;\"><b>BY GRACE ALONE!<\/b><\/p><p style=\"text-align: center;\"><b>THROUGH FAITH ALONE!<\/b><\/p><p style=\"text-align: center;\"><b>IN CHRIST ALONE!<\/b><\/p><p style=\"text-align: center;\"><b>ACCORDING TO SCRIPTURE ALONE!<\/b><\/p><p>\u00a0<\/p><table style=\"height: 345px;\" width=\"963\"><tbody><tr><td width=\"291\"><p style=\"text-align: center;\"><b>The Trinity House Story<\/b><\/p><p>Trinity House began many decades ago with a desire to provide food to those who needed a helping hand.\u00a0 It started in the church office and now has grown into a whole house on Trinity Lutheran Church property at 906 Marion.\u00a0 A variety of food as well as clothing is available to those in need.\u00a0 There is no application process, simply bring a photo ID.\u00a0 Food assistance is available once a month, but there is no limit on clothing assistance.\u00a0 Trinity House serves approximately 130 families each month with the help of over 40 volunteers.\u00a0 All of the clothing items are donated, but only a small portion of the groceries are donated.\u00a0 So there is always a need for food and financial donations to keep this ministry to the community up and running.<\/p><p>Located at: <a href=\"https:\/\/maps.app.goo.gl\/QGC8LnE44KCxPc3J7\">906 Marion in Leavenworth.<\/a><\/p><p>Food\/clothing pantry open Tuesday- Thursday and the first Saturday of the month 10:00AM \u2013 1:00 PM.<\/p><p>We accept non-perishable food items, clean useable clothing and financial donations.<\/p><p>We can always use some extra volunteers.<\/p><p><strong><a href=\"https:\/\/tlcleavenworth.org\/trinitylutheranchurch\/trinity-house-volunteer\/\">Click here to donate your time to Trinity House.<\/a><\/strong><\/p><p><strong><a href=\"https:\/\/www.eservicepayments.com\/cgi-bin\/Vanco_ver3.vps?appver3=tYgT1GfNxRUldiimjHMvOQ6Zq6kyc8i3ey2Q4mNW0upskSODEa-Up5lt373GHnco2evTpo0mld6BrVzd2nG0p1UqoiZQD15ba2vicbN5dtg=&amp;ver=3\">Click here to make a financial donation to Trinity House<\/a>.<\/strong><\/p><p><b>\u00a0<a href=\"https:\/\/tlcleavenworth.org\/trinitylutheranchurch\/wp-content\/uploads\/2024\/02\/Trinity-House-Brochure-2023.pdf\">Click here to learn more about Trinity House<\/a><\/b><\/p><p><a href=\"https:\/\/tlcleavenworth.org\/trinitylutheranchurch\/wp-content\/uploads\/2024\/02\/Trinity-House-Brochure-2023-Spanish.pdf\">Haga clic aqu\u00ed para obtener m\u00e1s informaci\u00f3n sobre Trinity House<\/a><\/p><\/td><\/tr><\/tbody><\/table><p>\u00a0<\/p><p>\u00a0<\/p>\t\t\t\t\t\t\t\t<\/div>\n\t\t\t\t<\/div>\n\t\t\t\t\t<\/div>\n\t\t<\/div>\n\t\t\t\t\t<\/div>\n\t\t<\/section>\n\t\t\t\t<section class=\"elementor-section elementor-top-section elementor-element elementor-element-fa56abe elementor-section-boxed elementor-section-height-default elementor-section-height-default\" data-id=\"fa56abe\" data-element_type=\"section\" data-e-type=\"section\">\n\t\t\t\t\t\t<div class=\"elementor-container elementor-column-gap-default\">\n\t\t\t\t\t<div class=\"elementor-column elementor-col-100 elementor-top-column elementor-element elementor-element-1e84c3c\" data-id=\"1e84c3c\" data-element_type=\"column\" data-e-type=\"column\">\n\t\t\t<div class=\"elementor-widget-wrap elementor-element-populated\">\n\t\t\t\t\t\t<div class=\"elementor-element elementor-element-c29cf92 elementor-widget elementor-widget-image\" data-id=\"c29cf92\" data-element_type=\"widget\" data-e-type=\"widget\" data-widget_type=\"image.default\">\n\t\t\t\t<div class=\"elementor-widget-container\">\n\t\t\t\t\t\t\t\t\t\t\t\t\t\t\t<img fetchpriority=\"high\" decoding=\"async\" width=\"600\" height=\"450\" src=\"https:\/\/i0.wp.com\/tlcleavenworth.org\/trinitylutheranchurch\/wp-content\/uploads\/2022\/07\/Marion-St.-Side-of-Trinity-House.png?fit=600%2C450&amp;ssl=1\" class=\"attachment-large size-large wp-image-2668\" alt=\"\" srcset=\"https:\/\/i0.wp.com\/tlcleavenworth.org\/trinitylutheranchurch\/wp-content\/uploads\/2022\/07\/Marion-St.-Side-of-Trinity-House.png?w=1280&amp;ssl=1 1280w, https:\/\/i0.wp.com\/tlcleavenworth.org\/trinitylutheranchurch\/wp-content\/uploads\/2022\/07\/Marion-St.-Side-of-Trinity-House.png?resize=300%2C225&amp;ssl=1 300w, https:\/\/i0.wp.com\/tlcleavenworth.org\/trinitylutheranchurch\/wp-content\/uploads\/2022\/07\/Marion-St.-Side-of-Trinity-House.png?resize=1024%2C768&amp;ssl=1 1024w, https:\/\/i0.wp.com\/tlcleavenworth.org\/trinitylutheranchurch\/wp-content\/uploads\/2022\/07\/Marion-St.-Side-of-Trinity-House.png?resize=768%2C576&amp;ssl=1 768w, https:\/\/i0.wp.com\/tlcleavenworth.org\/trinitylutheranchurch\/wp-content\/uploads\/2022\/07\/Marion-St.-Side-of-Trinity-House.png?w=1200&amp;ssl=1 1200w\" sizes=\"(max-width: 600px) 100vw, 600px\" \/>\t\t\t\t\t\t\t\t\t\t\t\t\t\t\t<\/div>\n\t\t\t\t<\/div>\n\t\t\t\t\t<\/div>\n\t\t<\/div>\n\t\t\t\t\t<\/div>\n\t\t<\/section>\n\t\t\t\t<\/div>\n\t\t","protected":false},"excerpt":{"rendered":"<p>At Trinity, we organize our lives around God\u2019s Word and Sacraments which proclaim and deliver the wonderful news of the gospel of Jesus Christ to us.\u00a0 We believe in the [&hellip;]<\/p>\n","protected":false},"author":3,"featured_media":0,"parent":0,"menu_order":0,"comment_status":"closed","ping_status":"closed","template":"","meta":{"nf_dc_page":"","om_disable_all_campaigns":false,"footnotes":""},"class_list":["post-4988","page","type-page","status-publish","hentry"],"yoast_head":"<!-- This site is optimized with the Yoast SEO plugin v27.4 - https:\/\/yoast.com\/product\/yoast-seo-wordpress\/ -->\n<title>Trinity House is about loving our community in the name of Jesus! - Trinity Lutheran Church<\/title>\n<meta name=\"robots\" content=\"index, follow, max-snippet:-1, max-image-preview:large, max-video-preview:-1\" \/>\n<link rel=\"canonical\" href=\"https:\/\/tlcleavenworth.org\/trinitylutheranchurch\/trinity-house-is-about-loving-our-community-in-the-name-of-jesus\/\" \/>\n<meta property=\"og:locale\" content=\"en_US\" \/>\n<meta property=\"og:type\" content=\"article\" \/>\n<meta property=\"og:title\" content=\"Trinity House is about loving our community in the name of Jesus! - Trinity Lutheran Church\" \/>\n<meta property=\"og:description\" content=\"At Trinity, we organize our lives around God\u2019s Word and Sacraments which proclaim and deliver the wonderful news of the gospel of Jesus Christ to us.\u00a0 We believe in the [&hellip;]\" \/>\n<meta property=\"og:url\" content=\"https:\/\/tlcleavenworth.org\/trinitylutheranchurch\/trinity-house-is-about-loving-our-community-in-the-name-of-jesus\/\" \/>\n<meta property=\"og:site_name\" content=\"Trinity Lutheran Church\" \/>\n<meta property=\"article:modified_time\" content=\"2024-03-21T15:57:53+00:00\" \/>\n<meta property=\"og:image\" content=\"https:\/\/tlcleavenworth.org\/trinitylutheranchurch\/wp-content\/uploads\/2022\/07\/Marion-St.-Side-of-Trinity-House-1024x768.png\" \/>\n<meta name=\"twitter:card\" content=\"summary_large_image\" \/>\n<meta name=\"twitter:label1\" content=\"Est. reading time\" \/>\n\t<meta name=\"twitter:data1\" content=\"2 minutes\" \/>\n<script type=\"application\/ld+json\" class=\"yoast-schema-graph\">{\"@context\":\"https:\\\/\\\/schema.org\",\"@graph\":[{\"@type\":\"WebPage\",\"@id\":\"https:\\\/\\\/tlcleavenworth.org\\\/trinitylutheranchurch\\\/trinity-house-is-about-loving-our-community-in-the-name-of-jesus\\\/\",\"url\":\"https:\\\/\\\/tlcleavenworth.org\\\/trinitylutheranchurch\\\/trinity-house-is-about-loving-our-community-in-the-name-of-jesus\\\/\",\"name\":\"Trinity House is about loving our community in the name of Jesus! - Trinity Lutheran Church\",\"isPartOf\":{\"@id\":\"https:\\\/\\\/tlcleavenworth.org\\\/trinitylutheranchurch\\\/#website\"},\"primaryImageOfPage\":{\"@id\":\"https:\\\/\\\/tlcleavenworth.org\\\/trinitylutheranchurch\\\/trinity-house-is-about-loving-our-community-in-the-name-of-jesus\\\/#primaryimage\"},\"image\":{\"@id\":\"https:\\\/\\\/tlcleavenworth.org\\\/trinitylutheranchurch\\\/trinity-house-is-about-loving-our-community-in-the-name-of-jesus\\\/#primaryimage\"},\"thumbnailUrl\":\"https:\\\/\\\/tlcleavenworth.org\\\/trinitylutheranchurch\\\/wp-content\\\/uploads\\\/2022\\\/07\\\/Marion-St.-Side-of-Trinity-House-1024x768.png\",\"datePublished\":\"2024-02-20T19:44:31+00:00\",\"dateModified\":\"2024-03-21T15:57:53+00:00\",\"breadcrumb\":{\"@id\":\"https:\\\/\\\/tlcleavenworth.org\\\/trinitylutheranchurch\\\/trinity-house-is-about-loving-our-community-in-the-name-of-jesus\\\/#breadcrumb\"},\"inLanguage\":\"en-US\",\"potentialAction\":[{\"@type\":\"ReadAction\",\"target\":[\"https:\\\/\\\/tlcleavenworth.org\\\/trinitylutheranchurch\\\/trinity-house-is-about-loving-our-community-in-the-name-of-jesus\\\/\"]}]},{\"@type\":\"ImageObject\",\"inLanguage\":\"en-US\",\"@id\":\"https:\\\/\\\/tlcleavenworth.org\\\/trinitylutheranchurch\\\/trinity-house-is-about-loving-our-community-in-the-name-of-jesus\\\/#primaryimage\",\"url\":\"https:\\\/\\\/i0.wp.com\\\/tlcleavenworth.org\\\/trinitylutheranchurch\\\/wp-content\\\/uploads\\\/2022\\\/07\\\/Marion-St.-Side-of-Trinity-House.png?fit=1280%2C960&ssl=1\",\"contentUrl\":\"https:\\\/\\\/i0.wp.com\\\/tlcleavenworth.org\\\/trinitylutheranchurch\\\/wp-content\\\/uploads\\\/2022\\\/07\\\/Marion-St.-Side-of-Trinity-House.png?fit=1280%2C960&ssl=1\",\"width\":1280,\"height\":960},{\"@type\":\"BreadcrumbList\",\"@id\":\"https:\\\/\\\/tlcleavenworth.org\\\/trinitylutheranchurch\\\/trinity-house-is-about-loving-our-community-in-the-name-of-jesus\\\/#breadcrumb\",\"itemListElement\":[{\"@type\":\"ListItem\",\"position\":1,\"name\":\"Home\",\"item\":\"https:\\\/\\\/tlcleavenworth.org\\\/trinitylutheranchurch\\\/\"},{\"@type\":\"ListItem\",\"position\":2,\"name\":\"Trinity House is about loving our community in the name of Jesus!\"}]},{\"@type\":\"WebSite\",\"@id\":\"https:\\\/\\\/tlcleavenworth.org\\\/trinitylutheranchurch\\\/#website\",\"url\":\"https:\\\/\\\/tlcleavenworth.org\\\/trinitylutheranchurch\\\/\",\"name\":\"Trinity Lutheran Church\",\"description\":\"Trinity Lutheran Church in Leavenworth Kansas\",\"publisher\":{\"@id\":\"https:\\\/\\\/tlcleavenworth.org\\\/trinitylutheranchurch\\\/#organization\"},\"potentialAction\":[{\"@type\":\"SearchAction\",\"target\":{\"@type\":\"EntryPoint\",\"urlTemplate\":\"https:\\\/\\\/tlcleavenworth.org\\\/trinitylutheranchurch\\\/?s={search_term_string}\"},\"query-input\":{\"@type\":\"PropertyValueSpecification\",\"valueRequired\":true,\"valueName\":\"search_term_string\"}}],\"inLanguage\":\"en-US\"},{\"@type\":\"Organization\",\"@id\":\"https:\\\/\\\/tlcleavenworth.org\\\/trinitylutheranchurch\\\/#organization\",\"name\":\"Trinity Evangelical Lutheran Church\",\"url\":\"https:\\\/\\\/tlcleavenworth.org\\\/trinitylutheranchurch\\\/\",\"logo\":{\"@type\":\"ImageObject\",\"inLanguage\":\"en-US\",\"@id\":\"https:\\\/\\\/tlcleavenworth.org\\\/trinitylutheranchurch\\\/#\\\/schema\\\/logo\\\/image\\\/\",\"url\":\"https:\\\/\\\/tlcleavenworth.org\\\/trinitylutheranchurch\\\/wp-content\\\/uploads\\\/2022\\\/07\\\/headerlogo.png\",\"contentUrl\":\"https:\\\/\\\/tlcleavenworth.org\\\/trinitylutheranchurch\\\/wp-content\\\/uploads\\\/2022\\\/07\\\/headerlogo.png\",\"width\":299,\"height\":107,\"caption\":\"Trinity Evangelical Lutheran Church\"},\"image\":{\"@id\":\"https:\\\/\\\/tlcleavenworth.org\\\/trinitylutheranchurch\\\/#\\\/schema\\\/logo\\\/image\\\/\"}}]}<\/script>\n<!-- \/ Yoast SEO plugin. -->","yoast_head_json":{"title":"Trinity House is about loving our community in the name of Jesus! - Trinity Lutheran Church","robots":{"index":"index","follow":"follow","max-snippet":"max-snippet:-1","max-image-preview":"max-image-preview:large","max-video-preview":"max-video-preview:-1"},"canonical":"https:\/\/tlcleavenworth.org\/trinitylutheranchurch\/trinity-house-is-about-loving-our-community-in-the-name-of-jesus\/","og_locale":"en_US","og_type":"article","og_title":"Trinity House is about loving our community in the name of Jesus! - Trinity Lutheran Church","og_description":"At Trinity, we organize our lives around God\u2019s Word and Sacraments which proclaim and deliver the wonderful news of the gospel of Jesus Christ to us.\u00a0 We believe in the [&hellip;]","og_url":"https:\/\/tlcleavenworth.org\/trinitylutheranchurch\/trinity-house-is-about-loving-our-community-in-the-name-of-jesus\/","og_site_name":"Trinity Lutheran Church","article_modified_time":"2024-03-21T15:57:53+00:00","og_image":[{"url":"https:\/\/tlcleavenworth.org\/trinitylutheranchurch\/wp-content\/uploads\/2022\/07\/Marion-St.-Side-of-Trinity-House-1024x768.png","type":"","width":"","height":""}],"twitter_card":"summary_large_image","twitter_misc":{"Est. reading time":"2 minutes"},"schema":{"@context":"https:\/\/schema.org","@graph":[{"@type":"WebPage","@id":"https:\/\/tlcleavenworth.org\/trinitylutheranchurch\/trinity-house-is-about-loving-our-community-in-the-name-of-jesus\/","url":"https:\/\/tlcleavenworth.org\/trinitylutheranchurch\/trinity-house-is-about-loving-our-community-in-the-name-of-jesus\/","name":"Trinity House is about loving our community in the name of Jesus! - Trinity Lutheran Church","isPartOf":{"@id":"https:\/\/tlcleavenworth.org\/trinitylutheranchurch\/#website"},"primaryImageOfPage":{"@id":"https:\/\/tlcleavenworth.org\/trinitylutheranchurch\/trinity-house-is-about-loving-our-community-in-the-name-of-jesus\/#primaryimage"},"image":{"@id":"https:\/\/tlcleavenworth.org\/trinitylutheranchurch\/trinity-house-is-about-loving-our-community-in-the-name-of-jesus\/#primaryimage"},"thumbnailUrl":"https:\/\/tlcleavenworth.org\/trinitylutheranchurch\/wp-content\/uploads\/2022\/07\/Marion-St.-Side-of-Trinity-House-1024x768.png","datePublished":"2024-02-20T19:44:31+00:00","dateModified":"2024-03-21T15:57:53+00:00","breadcrumb":{"@id":"https:\/\/tlcleavenworth.org\/trinitylutheranchurch\/trinity-house-is-about-loving-our-community-in-the-name-of-jesus\/#breadcrumb"},"inLanguage":"en-US","potentialAction":[{"@type":"ReadAction","target":["https:\/\/tlcleavenworth.org\/trinitylutheranchurch\/trinity-house-is-about-loving-our-community-in-the-name-of-jesus\/"]}]},{"@type":"ImageObject","inLanguage":"en-US","@id":"https:\/\/tlcleavenworth.org\/trinitylutheranchurch\/trinity-house-is-about-loving-our-community-in-the-name-of-jesus\/#primaryimage","url":"https:\/\/i0.wp.com\/tlcleavenworth.org\/trinitylutheranchurch\/wp-content\/uploads\/2022\/07\/Marion-St.-Side-of-Trinity-House.png?fit=1280%2C960&ssl=1","contentUrl":"https:\/\/i0.wp.com\/tlcleavenworth.org\/trinitylutheranchurch\/wp-content\/uploads\/2022\/07\/Marion-St.-Side-of-Trinity-House.png?fit=1280%2C960&ssl=1","width":1280,"height":960},{"@type":"BreadcrumbList","@id":"https:\/\/tlcleavenworth.org\/trinitylutheranchurch\/trinity-house-is-about-loving-our-community-in-the-name-of-jesus\/#breadcrumb","itemListElement":[{"@type":"ListItem","position":1,"name":"Home","item":"https:\/\/tlcleavenworth.org\/trinitylutheranchurch\/"},{"@type":"ListItem","position":2,"name":"Trinity House is about loving our community in the name of Jesus!"}]},{"@type":"WebSite","@id":"https:\/\/tlcleavenworth.org\/trinitylutheranchurch\/#website","url":"https:\/\/tlcleavenworth.org\/trinitylutheranchurch\/","name":"Trinity Lutheran Church","description":"Trinity Lutheran Church in Leavenworth Kansas","publisher":{"@id":"https:\/\/tlcleavenworth.org\/trinitylutheranchurch\/#organization"},"potentialAction":[{"@type":"SearchAction","target":{"@type":"EntryPoint","urlTemplate":"https:\/\/tlcleavenworth.org\/trinitylutheranchurch\/?s={search_term_string}"},"query-input":{"@type":"PropertyValueSpecification","valueRequired":true,"valueName":"search_term_string"}}],"inLanguage":"en-US"},{"@type":"Organization","@id":"https:\/\/tlcleavenworth.org\/trinitylutheranchurch\/#organization","name":"Trinity Evangelical Lutheran Church","url":"https:\/\/tlcleavenworth.org\/trinitylutheranchurch\/","logo":{"@type":"ImageObject","inLanguage":"en-US","@id":"https:\/\/tlcleavenworth.org\/trinitylutheranchurch\/#\/schema\/logo\/image\/","url":"https:\/\/tlcleavenworth.org\/trinitylutheranchurch\/wp-content\/uploads\/2022\/07\/headerlogo.png","contentUrl":"https:\/\/tlcleavenworth.org\/trinitylutheranchurch\/wp-content\/uploads\/2022\/07\/headerlogo.png","width":299,"height":107,"caption":"Trinity Evangelical Lutheran Church"},"image":{"@id":"https:\/\/tlcleavenworth.org\/trinitylutheranchurch\/#\/schema\/logo\/image\/"}}]}},"jetpack_sharing_enabled":true,"_links":{"self":[{"href":"https:\/\/tlcleavenworth.org\/trinitylutheranchurch\/wp-json\/wp\/v2\/pages\/4988","targetHints":{"allow":["GET"]}}],"collection":[{"href":"https:\/\/tlcleavenworth.org\/trinitylutheranchurch\/wp-json\/wp\/v2\/pages"}],"about":[{"href":"https:\/\/tlcleavenworth.org\/trinitylutheranchurch\/wp-json\/wp\/v2\/types\/page"}],"author":[{"embeddable":true,"href":"https:\/\/tlcleavenworth.org\/trinitylutheranchurch\/wp-json\/wp\/v2\/users\/3"}],"replies":[{"embeddable":true,"href":"https:\/\/tlcleavenworth.org\/trinitylutheranchurch\/wp-json\/wp\/v2\/comments?post=4988"}],"version-history":[{"count":5,"href":"https:\/\/tlcleavenworth.org\/trinitylutheranchurch\/wp-json\/wp\/v2\/pages\/4988\/revisions"}],"predecessor-version":[{"id":5129,"href":"https:\/\/tlcleavenworth.org\/trinitylutheranchurch\/wp-json\/wp\/v2\/pages\/4988\/revisions\/5129"}],"wp:attachment":[{"href":"https:\/\/tlcleavenworth.org\/trinitylutheranchurch\/wp-json\/wp\/v2\/media?parent=4988"}],"curies":[{"name":"wp","href":"https:\/\/api.w.org\/{rel}","templated":true}]}}